{"id":2,"date":"2021-05-12T11:51:36","date_gmt":"2021-05-12T11:51:36","guid":{"rendered":"https:\/\/heraklion.surgery\/?page_id=2"},"modified":"2021-06-14T22:37:08","modified_gmt":"2021-06-14T19:37:08","slug":"sample-page","status":"publish","type":"page","link":"https:\/\/heraklion.surgery\/sv\/sample-page\/","title":{"rendered":"Exempelsida"},"content":{"rendered":"<p>Detta \u00e4r en exempelsida. Det skiljer sig fr\u00e5n ett blogginl\u00e4gg eftersom det kommer att f\u00f6rbli p\u00e5 ett st\u00e4lle och visas i din webbplatsnavigering (i de flesta teman). De flesta b\u00f6rjar med en Om-sida som presenterar dem f\u00f6r potentiella bes\u00f6kare. Det kan s\u00e4ga n\u00e5got s\u00e5 h\u00e4r:<\/p>\n\n\n\n<blockquote class=\"wp-block-quote is-layout-flow wp-block-quote-is-layout-flow\"><p>Hall\u00e5 d\u00e4r! Jag \u00e4r en cykelbudb\u00e4rare om dagen, blivande sk\u00e5despelare p\u00e5 natten, och det h\u00e4r \u00e4r min webbplats. Jag bor i Los Angeles, har en fantastisk hund som heter Jack och jag gillar pi\u00f1a coladas. (Och blir fast i regnet.)<\/p><\/blockquote>\n\n\n\n<p>... eller n\u00e5got liknande:<\/p>\n\n\n\n<blockquote class=\"wp-block-quote is-layout-flow wp-block-quote-is-layout-flow\"><p>XYZ Doohickey Company grundades 1971 och har sedan dess tillhandah\u00e5llit doohickeys av h\u00f6g kvalitet. XYZ ligger i Gotham City och har \u00f6ver 2000 anst\u00e4llda och g\u00f6r alla m\u00f6jliga fantastiska saker f\u00f6r Gotham-samh\u00e4llet.<\/p><\/blockquote>\n\n\n\n<p>Som en ny WordPress-anv\u00e4ndare b\u00f6r du g\u00e5 till <a href=\"https:\/\/heraklion.surgery\/wp-admin\/\">din instrumentpanel<\/a> f\u00f6r att radera den h\u00e4r sidan och skapa nya sidor f\u00f6r ditt inneh\u00e5ll. Ha s\u00e5 kul!<\/p>","protected":false},"excerpt":{"rendered":"<p>Detta \u00e4r en exempelsida. Det skiljer sig fr\u00e5n ett blogginl\u00e4gg eftersom det kommer att stanna p\u00e5 ett st\u00e4lle och visas i din webbplatsnavigering (i de flesta teman). De flesta b\u00f6rjar med en Om-sida som introducerar dem f\u00f6r potentiella webbplatsbes\u00f6kare. Det kan s\u00e4ga n\u00e5got s\u00e5 h\u00e4r: Hej d\u00e4r! Jag \u00e4r en cykelbudb\u00e4rare [\u2026]<\/p>","protected":false},"author":1,"featured_media":0,"parent":0,"menu_order":0,"comment_status":"closed","ping_status":"open","template":"","meta":{"footnotes":""},"class_list":["post-2","page","type-page","status-publish","hentry"],"_links":{"self":[{"href":"https:\/\/heraklion.surgery\/sv\/wp-json\/wp\/v2\/pages\/2","targetHints":{"allow":["GET"]}}],"collection":[{"href":"https:\/\/heraklion.surgery\/sv\/wp-json\/wp\/v2\/pages"}],"about":[{"href":"https:\/\/heraklion.surgery\/sv\/wp-json\/wp\/v2\/types\/page"}],"author":[{"embeddable":true,"href":"https:\/\/heraklion.surgery\/sv\/wp-json\/wp\/v2\/users\/1"}],"replies":[{"embeddable":true,"href":"https:\/\/heraklion.surgery\/sv\/wp-json\/wp\/v2\/comments?post=2"}],"version-history":[{"count":0,"href":"https:\/\/heraklion.surgery\/sv\/wp-json\/wp\/v2\/pages\/2\/revisions"}],"wp:attachment":[{"href":"https:\/\/heraklion.surgery\/sv\/wp-json\/wp\/v2\/media?parent=2"}],"curies":[{"name":"wp","href":"https:\/\/api.w.org\/{rel}","templated":true}]}}