{"id":203,"date":"2021-06-16T14:47:35","date_gmt":"2021-06-16T11:47:35","guid":{"rendered":"https:\/\/heraklion.surgery\/?page_id=203"},"modified":"2021-07-04T22:56:33","modified_gmt":"2021-07-04T19:56:33","slug":"privacy-policy","status":"publish","type":"page","link":"https:\/\/heraklion.surgery\/sv\/privacy-policy\/","title":{"rendered":"Integritetspolicy"},"content":{"rendered":"<h2 class=\"wp-block-heading\">Vilka vi \u00e4r<\/h2>\n\n\n\n<p><strong class=\"privacy-policy-tutorial\">F\u00f6reslagen text: <\/strong>V\u00e5r webbplatsadress \u00e4r: <strong>https:\/\/heraklion.surgery<\/strong><\/p>\n\n\n\n<h2 class=\"wp-block-heading\">Kommentarer<\/h2>\n\n\n\n<p><strong class=\"privacy-policy-tutorial\">F\u00f6reslagen text: <\/strong>N\u00e4r bes\u00f6kare l\u00e4mnar kommentarer p\u00e5 webbplatsen samlar vi in de uppgifter som visas i kommentarformul\u00e4ret och \u00e4ven bes\u00f6karens IP-adress och webbl\u00e4sarens anv\u00e4ndaragentstr\u00e4ng f\u00f6r att hj\u00e4lpa till att uppt\u00e4cka skr\u00e4ppost.<\/p>\n\n\n\n<p>En anonymiserad str\u00e4ng som skapats fr\u00e5n din e-postadress (\u00e4ven kallad hash) kan skickas till Gravatar-tj\u00e4nsten f\u00f6r att se om du anv\u00e4nder den. Sekretesspolicyn f\u00f6r Gravatar-tj\u00e4nsten finns h\u00e4r: https:\/\/automattic.com\/privacy\/. Efter godk\u00e4nnande av din kommentar \u00e4r din profilbild synlig f\u00f6r allm\u00e4nheten i samband med din kommentar.<\/p>\n\n\n\n<h2 class=\"wp-block-heading\">Media<\/h2>\n\n\n\n<p><strong class=\"privacy-policy-tutorial\">F\u00f6reslagen text: <\/strong>Om du laddar upp bilder till webbplatsen b\u00f6r du undvika att ladda upp bilder med inbyggd platsinformation (EXIF GPS) inkluderad. Bes\u00f6kare p\u00e5 webbplatsen kan ladda ner och extrahera all platsinformation fr\u00e5n bilder p\u00e5 webbplatsen.<\/p>\n\n\n\n<h2 class=\"wp-block-heading\">Sm\u00e5kakor<\/h2>\n\n\n\n<p><strong class=\"privacy-policy-tutorial\">F\u00f6reslagen text: <\/strong>Om du l\u00e4mnar en kommentar p\u00e5 v\u00e5r webbplats kan du v\u00e4lja att spara ditt namn, e-postadress och webbplats i cookies. Dessa \u00e4r f\u00f6r din bekv\u00e4mlighet s\u00e5 att du inte beh\u00f6ver fylla i dina uppgifter igen n\u00e4r du l\u00e4mnar en ny kommentar. Dessa kakor kommer att p\u00e5g\u00e5 i ett \u00e5r.<\/p>\n\n\n\n<p>Om du bes\u00f6ker v\u00e5r inloggningssida st\u00e4ller vi in en tillf\u00e4llig cookie f\u00f6r att avg\u00f6ra om din webbl\u00e4sare accepterar cookies. Denna cookie inneh\u00e5ller inga personuppgifter och kasseras n\u00e4r du st\u00e4nger din webbl\u00e4sare.<\/p>\n\n\n\n<p>N\u00e4r du loggar in kommer vi ocks\u00e5 att st\u00e4lla in flera cookies f\u00f6r att spara din inloggningsinformation och dina sk\u00e4rmvisning. Inloggningscookies varar i tv\u00e5 dagar och sk\u00e4rmalternativets cookies varar i ett \u00e5r. Om du v\u00e4ljer &quot;Kom ih\u00e5g mig&quot; forts\u00e4tter din inloggning i tv\u00e5 veckor. Om du loggar ut fr\u00e5n ditt konto tas inloggningskakorna bort.<\/p>\n\n\n\n<p>Om du redigerar eller publicerar en artikel kommer en ytterligare cookie att sparas i din webbl\u00e4sare. Denna cookie inneh\u00e5ller inga personuppgifter och anger bara post-ID f\u00f6r artikeln du just redigerat. Det l\u00f6per ut efter en dag.<\/p>\n\n\n\n<h2 class=\"wp-block-heading\">Inb\u00e4ddat inneh\u00e5ll fr\u00e5n andra webbplatser<\/h2>\n\n\n\n<p><strong class=\"privacy-policy-tutorial\">F\u00f6reslagen text: <\/strong>Artiklar p\u00e5 denna webbplats kan inneh\u00e5lla inb\u00e4ddat inneh\u00e5ll (t.ex. videor, bilder, artiklar, etc.). Inb\u00e4ddat inneh\u00e5ll fr\u00e5n andra webbplatser beter sig p\u00e5 exakt samma s\u00e4tt som om bes\u00f6karen har bes\u00f6kt den andra webbplatsen.<\/p>\n\n\n\n<p>Dessa webbplatser kan samla in data om dig, anv\u00e4nda cookies, b\u00e4dda in ytterligare tredjepartssp\u00e5rning och \u00f6vervaka din interaktion med det inb\u00e4ddade inneh\u00e5llet, inklusive sp\u00e5ra din interaktion med det inb\u00e4ddade inneh\u00e5llet om du har ett konto och \u00e4r inloggad p\u00e5 den webbplatsen.<\/p>\n\n\n\n<h2 class=\"wp-block-heading\">Vem vi delar dina uppgifter med<\/h2>\n\n\n\n<p><strong class=\"privacy-policy-tutorial\">F\u00f6reslagen text: <\/strong>Om du beg\u00e4r en l\u00f6senords\u00e5terst\u00e4llning ing\u00e5r din IP-adress i \u00e5terst\u00e4llnings-e-postmeddelandet.<\/p>\n\n\n\n<h2 class=\"wp-block-heading\">Hur l\u00e4nge vi beh\u00e5ller dina uppgifter<\/h2>\n\n\n\n<p><strong class=\"privacy-policy-tutorial\">F\u00f6reslagen text: <\/strong>Om du l\u00e4mnar en kommentar beh\u00e5lls kommentaren och dess metadata p\u00e5 obest\u00e4md tid. Detta \u00e4r s\u00e5 att vi kan k\u00e4nna igen och godk\u00e4nna alla uppf\u00f6ljningskommentarer automatiskt ist\u00e4llet f\u00f6r att h\u00e5lla dem i en modereringsk\u00f6.<\/p>\n\n\n\n<p>F\u00f6r anv\u00e4ndare som registrerar sig p\u00e5 v\u00e5r webbplats (om n\u00e5gon) lagrar vi ocks\u00e5 den personliga informationen de ger i sin anv\u00e4ndarprofil. Alla anv\u00e4ndare kan n\u00e4r som helst se, redigera eller radera sin personliga information (f\u00f6rutom att de inte kan \u00e4ndra sitt anv\u00e4ndarnamn). Webbplatsadministrat\u00f6rer kan ocks\u00e5 se och redigera den informationen.<\/p>\n\n\n\n<h2 class=\"wp-block-heading\">Vilka r\u00e4ttigheter du har \u00f6ver dina uppgifter<\/h2>\n\n\n\n<p><strong class=\"privacy-policy-tutorial\">F\u00f6reslagen text: <\/strong>Om du har ett konto p\u00e5 den h\u00e4r webbplatsen eller har l\u00e4mnat kommentarer kan du beg\u00e4ra att f\u00e5 en exporterad fil med de personuppgifter vi har om dig, inklusive all information du har l\u00e4mnat till oss. Du kan ocks\u00e5 beg\u00e4ra att vi raderar alla personuppgifter som vi har om dig. Detta inkluderar inte n\u00e5gra uppgifter som vi \u00e4r skyldiga att f\u00f6rvara f\u00f6r administrativa, juridiska eller s\u00e4kerhets\u00e4ndam\u00e5l.<\/p>\n\n\n\n<h2 class=\"wp-block-heading\">D\u00e4r vi skickar dina uppgifter<\/h2>\n\n\n\n<p><strong class=\"privacy-policy-tutorial\">F\u00f6reslagen text: <\/strong>Bes\u00f6karkommentarer kan kontrolleras via en automatiserad spamdetekteringstj\u00e4nst.<\/p>","protected":false},"excerpt":{"rendered":"<p>Vilka vi \u00e4r F\u00f6reslagen text: V\u00e5r webbadress \u00e4r: https:\/\/heraklion.surgery Kommentarer F\u00f6reslagen text: N\u00e4r bes\u00f6kare l\u00e4mnar kommentarer p\u00e5 sajten samlar vi in data som visas i kommentarsformul\u00e4ret, och \u00e4ven bes\u00f6karens IP-adress och webbl\u00e4sarens anv\u00e4ndaragentstr\u00e4ng f\u00f6r att hj\u00e4lpa till att uppt\u00e4cka skr\u00e4ppost. En anonymiserad str\u00e4ng skapad fr\u00e5n din e-postadress (\u00e4ven kallad en [\u2026]<\/p>","protected":false},"author":1,"featured_media":0,"parent":0,"menu_order":0,"comment_status":"closed","ping_status":"closed","template":"","meta":{"footnotes":""},"class_list":["post-203","page","type-page","status-publish","hentry"],"_links":{"self":[{"href":"https:\/\/heraklion.surgery\/sv\/wp-json\/wp\/v2\/pages\/203","targetHints":{"allow":["GET"]}}],"collection":[{"href":"https:\/\/heraklion.surgery\/sv\/wp-json\/wp\/v2\/pages"}],"about":[{"href":"https:\/\/heraklion.surgery\/sv\/wp-json\/wp\/v2\/types\/page"}],"author":[{"embeddable":true,"href":"https:\/\/heraklion.surgery\/sv\/wp-json\/wp\/v2\/users\/1"}],"replies":[{"embeddable":true,"href":"https:\/\/heraklion.surgery\/sv\/wp-json\/wp\/v2\/comments?post=203"}],"version-history":[{"count":0,"href":"https:\/\/heraklion.surgery\/sv\/wp-json\/wp\/v2\/pages\/203\/revisions"}],"wp:attachment":[{"href":"https:\/\/heraklion.surgery\/sv\/wp-json\/wp\/v2\/media?parent=203"}],"curies":[{"name":"wp","href":"https:\/\/api.w.org\/{rel}","templated":true}]}}